{"id":29,"date":"2024-08-29T17:01:06","date_gmt":"2024-08-29T17:01:06","guid":{"rendered":"https:\/\/vagascentral.com.br\/?page_id=29"},"modified":"2025-06-30T16:07:06","modified_gmt":"2025-06-30T16:07:06","slug":"about","status":"publish","type":"page","link":"https:\/\/vagascentral.com.br\/fr\/about\/","title":{"rendered":"Sur"},"content":{"rendered":"<div class=\"mx-5 sm:mx-0 prose leading-relaxed text-lg mb-5 text-left wp-paragraph\">\n<p>Vagas Central est un portail d&#039;information d\u00e9di\u00e9 \u00e0 ceux qui souhaitent \u00e9voluer professionnellement. Nous proposons du contenu accessible sur les formations, les opportunit\u00e9s d&#039;emploi et des conseils pratiques pour ceux qui souhaitent se former, changer de domaine ou trouver une nouvelle orientation professionnelle.<\/p>\n<\/div><div class=\"mx-5 sm:mx-0 prose leading-relaxed text-lg mb-5 text-left wp-paragraph\">\n<p>Nous savons que la surcharge d&#039;informations peut \u00eatre source de confusion plut\u00f4t que d&#039;utilit\u00e9. C&#039;est pourquoi nous avons cr\u00e9\u00e9 un espace qui simplifie l&#039;essentiel\u00a0: comment se pr\u00e9parer, postuler et \u00e9voluer avec d\u00e9termination dans le monde du travail.<\/p>\n<\/div><div class=\"mx-5 sm:mx-0 prose leading-relaxed text-lg mb-5 text-left wp-paragraph\">\n<p>Il est important de noter que Vagas Central n&#039;agit ni comme une agence de recrutement ni comme un interm\u00e9diaire en recrutement. Notre r\u00f4le est de vous informer de mani\u00e8re responsable, en vous proposant un contenu actualis\u00e9 et pertinent pour votre carri\u00e8re professionnelle.<\/p>\n<\/div><!--advertisement--><div class=\"mx-5 sm:mx-0 sm:text-3xl text-2xl font-medium title-font mb-4 text-gray-900 text-left\">\n<h2 class=\"wp-block-heading\">Notre engagement<\/h2>\n<\/div><div class=\"mx-5 sm:mx-0 prose leading-relaxed text-lg mb-5 text-left wp-paragraph\">\n<p>Nous travaillons avec s\u00e9rieux, sans promesses trompeuses ni formules toutes faites. Nous sommes convaincus que les bons choix commencent par une information pertinente, et c&#039;est ce que nous offrons.<\/p>\n<\/div><div class=\"mx-5 sm:mx-0 prose leading-relaxed text-lg mb-5 text-left wp-paragraph\">\n<p>Que vous recherchiez votre premier emploi, que vous vous r\u00e9inventiez ou que vous appreniez simplement quelque chose de nouveau, nous sommes l\u00e0 pour vous soutenir avec un contenu honn\u00eate, simple et v\u00e9ritablement utile.<\/p>\n<\/div><!--advertisement--><div class=\"mx-5 sm:mx-0 sm:text-3xl text-2xl font-medium title-font mb-4 text-gray-900 text-left\">\n<h2 class=\"wp-block-heading\">Ce que vous trouverez ici<\/h2>\n<\/div><div class=\"mx-5 sm:mx-0 prose leading-relaxed text-lg mb-5 text-left wp-paragraph\">\n<p>Nous organisons nos sujets en nous concentrant sur ce que recherchent r\u00e9ellement les professionnels :<\/p>\n<\/div><div class=\"mx-5 sm:mx-0 prose leading-relaxed text-lg mb-5 text-left wp-paragraph\">\n<p>\ud83d\udd39 <strong>Cours et formations professionnelles<\/strong><\/p>\n<\/div><div class=\"mx-5 sm:mx-0 prose leading-relaxed text-lg mb-5 text-left wp-paragraph\">\n<p>Suggestions de cours gratuits et payants, ax\u00e9s sur l&#039;employabilit\u00e9, la mise \u00e0 jour et le d\u00e9veloppement de nouvelles comp\u00e9tences.<\/p>\n<\/div><div class=\"mx-5 sm:mx-0 prose leading-relaxed text-lg mb-5 text-left wp-paragraph\">\n<p>\ud83d\udd39 <strong>Conseils de recherche d&#039;emploi<\/strong><\/p>\n<\/div><div class=\"mx-5 sm:mx-0 prose leading-relaxed text-lg mb-5 text-left wp-paragraph\">\n<p>Conseils pratiques sur les CV, les candidatures, les entretiens, la pr\u00e9sence num\u00e9rique et plus encore.<\/p>\n<\/div><div class=\"mx-5 sm:mx-0 prose leading-relaxed text-lg mb-5 text-left wp-paragraph\">\n<p>\ud83d\udd39 <strong>Postes ouverts dans divers domaines<\/strong><\/p>\n<\/div><div class=\"mx-5 sm:mx-0 prose leading-relaxed text-lg mb-5 text-left wp-paragraph\">\n<p>Nous partageons les opportunit\u00e9s d&#039;emploi divulgu\u00e9es publiquement par les entreprises, \u00e0 titre informatif uniquement.<\/p>\n<\/div><div class=\"mx-5 sm:mx-0 prose leading-relaxed text-lg mb-5 text-left wp-paragraph\">\n<p>\ud83d\udd39 <strong>Tendances et \u00e9volutions du march\u00e9<\/strong><\/p>\n<\/div><div class=\"mx-5 sm:mx-0 prose leading-relaxed text-lg mb-5 text-left wp-paragraph\">\n<p>Analyse des tendances, des nouvelles m\u00e9thodes d\u2019embauche, des comp\u00e9tences comportementales et des demandes actuelles.<\/p>\n<\/div><div class=\"mx-5 sm:mx-0 prose leading-relaxed text-lg mb-5 text-left wp-paragraph\">\n<p>\ud83d\udd39 <strong>Planification et croissance de carri\u00e8re<\/strong><\/p>\n<\/div><div class=\"mx-5 sm:mx-0 prose leading-relaxed text-lg mb-5 text-left wp-paragraph\">\n<p>Guides sur les objectifs professionnels, les transitions de carri\u00e8re, la conscience de soi et les strat\u00e9gies pour atteindre une plus grande stabilit\u00e9 et un plus grand \u00e9panouissement.<br><\/p>\n<\/div><!--advertisement--><div class=\"mx-5 sm:mx-0 sm:text-3xl text-2xl font-medium title-font mb-4 text-gray-900 text-left\">\n<h2 class=\"wp-block-heading\">Notre approche<\/h2>\n<\/div><div class=\"mx-5 sm:mx-0 prose leading-relaxed text-lg mb-5 text-left wp-paragraph\">\n<p>Vagas Central est totalement ind\u00e9pendant. Nous produisons notre contenu \u00e0 partir de recherches fiables, de donn\u00e9es publiques et d&#039;analyses professionnelles. Nous ne proposons pas d&#039;offres d&#039;emploi r\u00e9mun\u00e9r\u00e9es et n&#039;acceptons pas de partenariats qui compromettent notre int\u00e9grit\u00e9 \u00e9ditoriale.<\/p>\n<\/div><div class=\"mx-5 sm:mx-0 prose leading-relaxed text-lg mb-5 text-left wp-paragraph\">\n<p>Notre engagement est simple\u00a0: vous aider \u00e0 prendre des d\u00e9cisions plus \u00e9clair\u00e9es pour votre vie professionnelle, gr\u00e2ce \u00e0 des informations pr\u00e9cises et des conseils pratiques. Pas de raccourcis illusoires. Pas de superflu. Juste ce qui compte vraiment.<\/p>\n<\/div>","protected":false},"excerpt":{"rendered":"<p>Vagas Central est un portail d&#039;information d\u00e9di\u00e9 \u00e0 celles et ceux qui souhaitent progresser professionnellement. Nous rassemblons des contenus accessibles sur les formations, les offres d&#039;emploi et des conseils pratiques pour celles et ceux qui veulent perfectionner leurs comp\u00e9tences, changer de secteur ou trouver une nouvelle voie professionnelle. Nous savons combien la surcharge d&#039;informations peut \u00eatre source de confusion. C&#039;est pourquoi nous avons cr\u00e9\u00e9\u2026 <a class=\"more-link\" href=\"https:\/\/vagascentral.com.br\/fr\/about\/\">Poursuivez votre lecture <span class=\"screen-reader-text\">Sur<\/span><\/a><\/p>","protected":false},"author":20,"featured_media":0,"parent":0,"menu_order":0,"comment_status":"closed","ping_status":"closed","template":"","meta":{"footnotes":""},"yoast_head":"<!-- This site is optimized with the Yoast SEO Premium plugin v18.7 (Yoast SEO v23.3) - https:\/\/yoast.com\/wordpress\/plugins\/seo\/ -->\n<title>Sobre - Vagas Central<\/title>\n<meta name=\"robots\" content=\"index, follow, max-snippet:-1, max-image-preview:large, max-video-preview:-1\" \/>\n<link rel=\"canonical\" href=\"https:\/\/vagascentral.com.br\/fr\/about\/\" \/>\n<meta property=\"og:locale\" content=\"fr_FR\" \/>\n<meta property=\"og:type\" content=\"article\" \/>\n<meta property=\"og:title\" content=\"Sobre\" \/>\n<meta property=\"og:description\" content=\"O Vagas Central \u00e9 um portal informativo dedicado a quem deseja evoluir profissionalmente. Reunimos conte\u00fados acess\u00edveis sobre cursos, oportunidades de emprego e orienta\u00e7\u00f5es pr\u00e1ticas para quem quer se capacitar, mudar de \u00e1rea ou encontrar um novo rumo na carreira. Sabemos como o excesso de informa\u00e7\u00f5es pode confundir em vez de ajudar. Por isso, criamos um&hellip; Continue reading Sobre\" \/>\n<meta property=\"og:url\" content=\"https:\/\/vagascentral.com.br\/fr\/about\/\" \/>\n<meta property=\"og:site_name\" content=\"Vagas Central\" \/>\n<meta property=\"article:modified_time\" content=\"2025-06-30T16:07:06+00:00\" \/>\n<meta name=\"twitter:card\" content=\"summary_large_image\" \/>\n<meta name=\"twitter:label1\" content=\"Est. reading time\" \/>\n\t<meta name=\"twitter:data1\" content=\"2 minutes\" \/>\n<script type=\"application\/ld+json\" class=\"yoast-schema-graph\">{\"@context\":\"https:\/\/schema.org\",\"@graph\":[{\"@type\":\"WebPage\",\"@id\":\"https:\/\/vagascentral.com.br\/about\/\",\"url\":\"https:\/\/vagascentral.com.br\/about\/\",\"name\":\"Sobre - Vagas Central\",\"isPartOf\":{\"@id\":\"https:\/\/vagascentral.com.br\/#website\"},\"datePublished\":\"2024-08-29T17:01:06+00:00\",\"dateModified\":\"2025-06-30T16:07:06+00:00\",\"breadcrumb\":{\"@id\":\"https:\/\/vagascentral.com.br\/about\/#breadcrumb\"},\"inLanguage\":\"fr-FR\",\"potentialAction\":[{\"@type\":\"ReadAction\",\"target\":[\"https:\/\/vagascentral.com.br\/about\/\"]}]},{\"@type\":\"BreadcrumbList\",\"@id\":\"https:\/\/vagascentral.com.br\/about\/#breadcrumb\",\"itemListElement\":[{\"@type\":\"ListItem\",\"position\":1,\"name\":\"Home\",\"item\":\"https:\/\/vagascentral.com.br\/\"},{\"@type\":\"ListItem\",\"position\":2,\"name\":\"Sobre\"}]},{\"@type\":\"WebSite\",\"@id\":\"https:\/\/vagascentral.com.br\/#website\",\"url\":\"https:\/\/vagascentral.com.br\/\",\"name\":\"Vagas Central\",\"description\":\"\",\"potentialAction\":[{\"@type\":\"SearchAction\",\"target\":{\"@type\":\"EntryPoint\",\"urlTemplate\":\"https:\/\/vagascentral.com.br\/?s={search_term_string}\"},\"query-input\":\"required name=search_term_string\"}],\"inLanguage\":\"fr-FR\"}]}<\/script>\n<!-- \/ Yoast SEO Premium plugin. -->","yoast_head_json":{"title":"Sobre - Vagas Central","robots":{"index":"index","follow":"follow","max-snippet":"max-snippet:-1","max-image-preview":"max-image-preview:large","max-video-preview":"max-video-preview:-1"},"canonical":"https:\/\/vagascentral.com.br\/fr\/about\/","og_locale":"fr_FR","og_type":"article","og_title":"Sobre","og_description":"O Vagas Central \u00e9 um portal informativo dedicado a quem deseja evoluir profissionalmente. Reunimos conte\u00fados acess\u00edveis sobre cursos, oportunidades de emprego e orienta\u00e7\u00f5es pr\u00e1ticas para quem quer se capacitar, mudar de \u00e1rea ou encontrar um novo rumo na carreira. Sabemos como o excesso de informa\u00e7\u00f5es pode confundir em vez de ajudar. Por isso, criamos um&hellip; Continue reading Sobre","og_url":"https:\/\/vagascentral.com.br\/fr\/about\/","og_site_name":"Vagas Central","article_modified_time":"2025-06-30T16:07:06+00:00","twitter_card":"summary_large_image","twitter_misc":{"Est. reading time":"2 minutes"},"schema":{"@context":"https:\/\/schema.org","@graph":[{"@type":"WebPage","@id":"https:\/\/vagascentral.com.br\/about\/","url":"https:\/\/vagascentral.com.br\/about\/","name":"Sobre - Vagas Central","isPartOf":{"@id":"https:\/\/vagascentral.com.br\/#website"},"datePublished":"2024-08-29T17:01:06+00:00","dateModified":"2025-06-30T16:07:06+00:00","breadcrumb":{"@id":"https:\/\/vagascentral.com.br\/about\/#breadcrumb"},"inLanguage":"fr-FR","potentialAction":[{"@type":"ReadAction","target":["https:\/\/vagascentral.com.br\/about\/"]}]},{"@type":"BreadcrumbList","@id":"https:\/\/vagascentral.com.br\/about\/#breadcrumb","itemListElement":[{"@type":"ListItem","position":1,"name":"Home","item":"https:\/\/vagascentral.com.br\/"},{"@type":"ListItem","position":2,"name":"Sobre"}]},{"@type":"WebSite","@id":"https:\/\/vagascentral.com.br\/#website","url":"https:\/\/vagascentral.com.br\/","name":"Vagas Central","description":"","potentialAction":[{"@type":"SearchAction","target":{"@type":"EntryPoint","urlTemplate":"https:\/\/vagascentral.com.br\/?s={search_term_string}"},"query-input":"required name=search_term_string"}],"inLanguage":"fr-FR"}]}},"_links":{"self":[{"href":"https:\/\/vagascentral.com.br\/fr\/wp-json\/wp\/v2\/pages\/29"}],"collection":[{"href":"https:\/\/vagascentral.com.br\/fr\/wp-json\/wp\/v2\/pages"}],"about":[{"href":"https:\/\/vagascentral.com.br\/fr\/wp-json\/wp\/v2\/types\/page"}],"author":[{"embeddable":true,"href":"https:\/\/vagascentral.com.br\/fr\/wp-json\/wp\/v2\/users\/20"}],"replies":[{"embeddable":true,"href":"https:\/\/vagascentral.com.br\/fr\/wp-json\/wp\/v2\/comments?post=29"}],"version-history":[{"count":3,"href":"https:\/\/vagascentral.com.br\/fr\/wp-json\/wp\/v2\/pages\/29\/revisions"}],"predecessor-version":[{"id":1193,"href":"https:\/\/vagascentral.com.br\/fr\/wp-json\/wp\/v2\/pages\/29\/revisions\/1193"}],"wp:attachment":[{"href":"https:\/\/vagascentral.com.br\/fr\/wp-json\/wp\/v2\/media?parent=29"}],"curies":[{"name":"wp","href":"https:\/\/api.w.org\/{rel}","templated":true}]}}