{"id":29,"date":"2024-08-29T17:01:06","date_gmt":"2024-08-29T17:01:06","guid":{"rendered":"https:\/\/vagascentral.com.br\/?page_id=29"},"modified":"2025-06-30T16:07:06","modified_gmt":"2025-06-30T16:07:06","slug":"about","status":"publish","type":"page","link":"https:\/\/vagascentral.com.br\/tr\/about\/","title":{"rendered":"A\u00e7\u0131k"},"content":{"rendered":"<div class=\"mx-5 sm:mx-0 prose leading-relaxed text-lg mb-5 text-left wp-paragraph\">\n<p>Vagas Central, mesleki geli\u015fim arayanlara \u00f6zel bir bilgi portal\u0131d\u0131r. E\u011fitim almak, alan de\u011fi\u015ftirmek veya yeni bir kariyer yolu bulmak isteyenler i\u00e7in kurslar, i\u015f f\u0131rsatlar\u0131 ve pratik rehberlik konular\u0131nda eri\u015filebilir i\u00e7erikler sunuyoruz.<\/p>\n<\/div><div class=\"mx-5 sm:mx-0 prose leading-relaxed text-lg mb-5 text-left wp-paragraph\">\n<p>Bilgi a\u015f\u0131r\u0131l\u0131\u011f\u0131n\u0131n yard\u0131mc\u0131 olmaktan \u00e7ok kafa kar\u0131\u015ft\u0131r\u0131c\u0131 olabilece\u011fini biliyoruz. Bu nedenle, i\u015f d\u00fcnyas\u0131nda nas\u0131l haz\u0131rlanaca\u011f\u0131n\u0131z\u0131, ba\u015fvuruda bulunaca\u011f\u0131n\u0131z\u0131 ve ama\u00e7l\u0131 bir \u015fekilde geli\u015fece\u011finizi basitle\u015ftiren bir alan olu\u015fturduk.<\/p>\n<\/div><div class=\"mx-5 sm:mx-0 prose leading-relaxed text-lg mb-5 text-left wp-paragraph\">\n<p>Vagas Central&#039;\u0131n bir i\u015fe al\u0131m ajans\u0131 veya arac\u0131 olarak faaliyet g\u00f6stermedi\u011fini belirtmek \u00f6nemlidir. Bizim rol\u00fcm\u00fcz, profesyonel kariyeriniz i\u00e7in g\u00fcncel ve alakal\u0131 i\u00e7erikler sunarak sorumlu bir \u015fekilde bilgilendirmektir.<\/p>\n<\/div><!--advertisement--><div class=\"mx-5 sm:mx-0 sm:text-3xl text-2xl font-medium title-font mb-4 text-gray-900 text-left\">\n<h2 class=\"wp-block-heading\">Taahh\u00fcd\u00fcm\u00fcz<\/h2>\n<\/div><div class=\"mx-5 sm:mx-0 prose leading-relaxed text-lg mb-5 text-left wp-paragraph\">\n<p>Yan\u0131lt\u0131c\u0131 vaatler veya haz\u0131r form\u00fcller olmadan, ciddiyetle \u00e7al\u0131\u015f\u0131yoruz. \u0130yi se\u00e7imlerin iyi bilgilerle ba\u015flad\u0131\u011f\u0131na inan\u0131yoruz ve tam da bunu sa\u011fl\u0131yoruz.<\/p>\n<\/div><div class=\"mx-5 sm:mx-0 prose leading-relaxed text-lg mb-5 text-left wp-paragraph\">\n<p>\u0130ster ilk i\u015finizi ar\u0131yor olun, ister kendinizi yeniden ke\u015ffediyor olun, ister sadece yeni bir \u015fey \u00f6\u011freniyor olun, d\u00fcr\u00fcst, anla\u015f\u0131l\u0131r ve ger\u00e7ekten faydal\u0131 i\u00e7eriklerle sizi desteklemek i\u00e7in buraday\u0131z.<\/p>\n<\/div><!--advertisement--><div class=\"mx-5 sm:mx-0 sm:text-3xl text-2xl font-medium title-font mb-4 text-gray-900 text-left\">\n<h2 class=\"wp-block-heading\">Burada Neler Bulabilirsiniz<\/h2>\n<\/div><div class=\"mx-5 sm:mx-0 prose leading-relaxed text-lg mb-5 text-left wp-paragraph\">\n<p>Konular\u0131m\u0131z\u0131 profesyonellerin ger\u00e7ekten arad\u0131\u011f\u0131 \u015feylere odaklanarak d\u00fczenliyoruz:<\/p>\n<\/div><div class=\"mx-5 sm:mx-0 prose leading-relaxed text-lg mb-5 text-left wp-paragraph\">\n<p>\ud83d\udd39 <strong>Profesyonel Kurslar ve E\u011fitimler<\/strong><\/p>\n<\/div><div class=\"mx-5 sm:mx-0 prose leading-relaxed text-lg mb-5 text-left wp-paragraph\">\n<p>\u0130stihdam edilebilirlik, g\u00fcncelleme ve yeni beceriler geli\u015ftirme odakl\u0131 \u00fccretsiz ve \u00fccretli kurs \u00f6nerileri.<\/p>\n<\/div><div class=\"mx-5 sm:mx-0 prose leading-relaxed text-lg mb-5 text-left wp-paragraph\">\n<p>\ud83d\udd39 <strong>\u0130\u015f Arama \u0130pu\u00e7lar\u0131<\/strong><\/p>\n<\/div><div class=\"mx-5 sm:mx-0 prose leading-relaxed text-lg mb-5 text-left wp-paragraph\">\n<p>\u00d6zge\u00e7mi\u015fler, ba\u015fvurular, m\u00fclakatlar, dijital varl\u0131k ve daha fazlas\u0131 hakk\u0131nda pratik tavsiyeler.<\/p>\n<\/div><div class=\"mx-5 sm:mx-0 prose leading-relaxed text-lg mb-5 text-left wp-paragraph\">\n<p>\ud83d\udd39 <strong>\u00c7e\u015fitli Alanlarda A\u00e7\u0131k Pozisyonlar<\/strong><\/p>\n<\/div><div class=\"mx-5 sm:mx-0 prose leading-relaxed text-lg mb-5 text-left wp-paragraph\">\n<p>\u015eirketler taraf\u0131ndan kamuoyuna duyurulan i\u015f ilanlar\u0131n\u0131 yaln\u0131zca bilgilendirme ama\u00e7l\u0131 payla\u015f\u0131yoruz.<\/p>\n<\/div><div class=\"mx-5 sm:mx-0 prose leading-relaxed text-lg mb-5 text-left wp-paragraph\">\n<p>\ud83d\udd39 <strong>Piyasa Trendleri ve De\u011fi\u015fimleri<\/strong><\/p>\n<\/div><div class=\"mx-5 sm:mx-0 prose leading-relaxed text-lg mb-5 text-left wp-paragraph\">\n<p>Trendlerin, yeni i\u015fe al\u0131m y\u00f6ntemlerinin, davran\u0131\u015f becerilerinin ve g\u00fcncel taleplerin analizi.<\/p>\n<\/div><div class=\"mx-5 sm:mx-0 prose leading-relaxed text-lg mb-5 text-left wp-paragraph\">\n<p>\ud83d\udd39 <strong>Kariyer Planlama ve B\u00fcy\u00fcme<\/strong><\/p>\n<\/div><div class=\"mx-5 sm:mx-0 prose leading-relaxed text-lg mb-5 text-left wp-paragraph\">\n<p>Mesleki hedefler, kariyer ge\u00e7i\u015fleri, \u00f6z fark\u0131ndal\u0131k ve daha fazla istikrar ve tatmin elde etme stratejilerine dair rehberler.<br><\/p>\n<\/div><!--advertisement--><div class=\"mx-5 sm:mx-0 sm:text-3xl text-2xl font-medium title-font mb-4 text-gray-900 text-left\">\n<h2 class=\"wp-block-heading\">Yakla\u015f\u0131m\u0131m\u0131z<\/h2>\n<\/div><div class=\"mx-5 sm:mx-0 prose leading-relaxed text-lg mb-5 text-left wp-paragraph\">\n<p>Vagas Central tamamen ba\u011f\u0131ms\u0131zd\u0131r. \u0130\u00e7eriklerimizi g\u00fcvenilir ara\u015ft\u0131rmalara, kamu verilerine ve profesyonel analizlere dayanarak \u00fcretiyoruz. \u00dccretli i\u015f ilanlar\u0131n\u0131 desteklemiyoruz veya editoryal b\u00fct\u00fcnl\u00fc\u011f\u00fcm\u00fcz\u00fc tehlikeye atan ortakl\u0131klar\u0131 kabul etmiyoruz.<\/p>\n<\/div><div class=\"mx-5 sm:mx-0 prose leading-relaxed text-lg mb-5 text-left wp-paragraph\">\n<p>Taahh\u00fcd\u00fcm\u00fcz basit: Do\u011fru bilgiler ve pratik rehberlikle, profesyonel hayat\u0131n\u0131z hakk\u0131nda daha bilin\u00e7li kararlar alman\u0131za yard\u0131mc\u0131 olmak. Hayali k\u0131sayollar yok. Laf kalabal\u0131\u011f\u0131 yok. Sadece ger\u00e7ekten \u00f6nemli olan \u015feyler.<\/p>\n<\/div>","protected":false},"excerpt":{"rendered":"<p>Vagas Central, profesyonel olarak ilerlemek isteyenlere y\u00f6nelik bilgilendirici bir portald\u0131r. Becerilerini geli\u015ftirmek, alan de\u011fi\u015ftirmek veya yeni bir kariyer yolu bulmak isteyenler i\u00e7in kurslar, i\u015f f\u0131rsatlar\u0131 ve pratik rehberlik hakk\u0131nda eri\u015filebilir i\u00e7erikler topluyoruz. Bilgi bombard\u0131man\u0131n\u0131n yard\u0131mc\u0131 olmaktan \u00e7ok kafa kar\u0131\u015ft\u0131r\u0131c\u0131 olabilece\u011fini biliyoruz. Bu y\u00fczden... <a class=\"more-link\" href=\"https:\/\/vagascentral.com.br\/tr\/about\/\">Okumaya devam et <span class=\"screen-reader-text\">A\u00e7\u0131k<\/span><\/a><\/p>","protected":false},"author":20,"featured_media":0,"parent":0,"menu_order":0,"comment_status":"closed","ping_status":"closed","template":"","meta":{"footnotes":""},"yoast_head":"<!-- This site is optimized with the Yoast SEO Premium plugin v18.7 (Yoast SEO v23.3) - https:\/\/yoast.com\/wordpress\/plugins\/seo\/ -->\n<title>Sobre - Vagas Central<\/title>\n<meta name=\"robots\" content=\"index, follow, max-snippet:-1, max-image-preview:large, max-video-preview:-1\" \/>\n<link rel=\"canonical\" href=\"https:\/\/vagascentral.com.br\/tr\/about\/\" \/>\n<meta property=\"og:locale\" content=\"tr_TR\" \/>\n<meta property=\"og:type\" content=\"article\" \/>\n<meta property=\"og:title\" content=\"Sobre\" \/>\n<meta property=\"og:description\" content=\"O Vagas Central \u00e9 um portal informativo dedicado a quem deseja evoluir profissionalmente. Reunimos conte\u00fados acess\u00edveis sobre cursos, oportunidades de emprego e orienta\u00e7\u00f5es pr\u00e1ticas para quem quer se capacitar, mudar de \u00e1rea ou encontrar um novo rumo na carreira. Sabemos como o excesso de informa\u00e7\u00f5es pode confundir em vez de ajudar. Por isso, criamos um&hellip; Continue reading Sobre\" \/>\n<meta property=\"og:url\" content=\"https:\/\/vagascentral.com.br\/tr\/about\/\" \/>\n<meta property=\"og:site_name\" content=\"Vagas Central\" \/>\n<meta property=\"article:modified_time\" content=\"2025-06-30T16:07:06+00:00\" \/>\n<meta name=\"twitter:card\" content=\"summary_large_image\" \/>\n<meta name=\"twitter:label1\" content=\"Est. reading time\" \/>\n\t<meta name=\"twitter:data1\" content=\"2 dakika\" \/>\n<script type=\"application\/ld+json\" class=\"yoast-schema-graph\">{\"@context\":\"https:\/\/schema.org\",\"@graph\":[{\"@type\":\"WebPage\",\"@id\":\"https:\/\/vagascentral.com.br\/about\/\",\"url\":\"https:\/\/vagascentral.com.br\/about\/\",\"name\":\"Sobre - Vagas Central\",\"isPartOf\":{\"@id\":\"https:\/\/vagascentral.com.br\/#website\"},\"datePublished\":\"2024-08-29T17:01:06+00:00\",\"dateModified\":\"2025-06-30T16:07:06+00:00\",\"breadcrumb\":{\"@id\":\"https:\/\/vagascentral.com.br\/about\/#breadcrumb\"},\"inLanguage\":\"tr\",\"potentialAction\":[{\"@type\":\"ReadAction\",\"target\":[\"https:\/\/vagascentral.com.br\/about\/\"]}]},{\"@type\":\"BreadcrumbList\",\"@id\":\"https:\/\/vagascentral.com.br\/about\/#breadcrumb\",\"itemListElement\":[{\"@type\":\"ListItem\",\"position\":1,\"name\":\"Home\",\"item\":\"https:\/\/vagascentral.com.br\/\"},{\"@type\":\"ListItem\",\"position\":2,\"name\":\"Sobre\"}]},{\"@type\":\"WebSite\",\"@id\":\"https:\/\/vagascentral.com.br\/#website\",\"url\":\"https:\/\/vagascentral.com.br\/\",\"name\":\"Vagas Central\",\"description\":\"\",\"potentialAction\":[{\"@type\":\"SearchAction\",\"target\":{\"@type\":\"EntryPoint\",\"urlTemplate\":\"https:\/\/vagascentral.com.br\/?s={search_term_string}\"},\"query-input\":\"required name=search_term_string\"}],\"inLanguage\":\"tr\"}]}<\/script>\n<!-- \/ Yoast SEO Premium plugin. -->","yoast_head_json":{"title":"Sobre - Vagas Central","robots":{"index":"index","follow":"follow","max-snippet":"max-snippet:-1","max-image-preview":"max-image-preview:large","max-video-preview":"max-video-preview:-1"},"canonical":"https:\/\/vagascentral.com.br\/tr\/about\/","og_locale":"tr_TR","og_type":"article","og_title":"Sobre","og_description":"O Vagas Central \u00e9 um portal informativo dedicado a quem deseja evoluir profissionalmente. Reunimos conte\u00fados acess\u00edveis sobre cursos, oportunidades de emprego e orienta\u00e7\u00f5es pr\u00e1ticas para quem quer se capacitar, mudar de \u00e1rea ou encontrar um novo rumo na carreira. Sabemos como o excesso de informa\u00e7\u00f5es pode confundir em vez de ajudar. Por isso, criamos um&hellip; Continue reading Sobre","og_url":"https:\/\/vagascentral.com.br\/tr\/about\/","og_site_name":"Vagas Central","article_modified_time":"2025-06-30T16:07:06+00:00","twitter_card":"summary_large_image","twitter_misc":{"Est. reading time":"2 dakika"},"schema":{"@context":"https:\/\/schema.org","@graph":[{"@type":"WebPage","@id":"https:\/\/vagascentral.com.br\/about\/","url":"https:\/\/vagascentral.com.br\/about\/","name":"Sobre - Vagas Central","isPartOf":{"@id":"https:\/\/vagascentral.com.br\/#website"},"datePublished":"2024-08-29T17:01:06+00:00","dateModified":"2025-06-30T16:07:06+00:00","breadcrumb":{"@id":"https:\/\/vagascentral.com.br\/about\/#breadcrumb"},"inLanguage":"tr","potentialAction":[{"@type":"ReadAction","target":["https:\/\/vagascentral.com.br\/about\/"]}]},{"@type":"BreadcrumbList","@id":"https:\/\/vagascentral.com.br\/about\/#breadcrumb","itemListElement":[{"@type":"ListItem","position":1,"name":"Home","item":"https:\/\/vagascentral.com.br\/"},{"@type":"ListItem","position":2,"name":"Sobre"}]},{"@type":"WebSite","@id":"https:\/\/vagascentral.com.br\/#website","url":"https:\/\/vagascentral.com.br\/","name":"Vagas Central","description":"","potentialAction":[{"@type":"SearchAction","target":{"@type":"EntryPoint","urlTemplate":"https:\/\/vagascentral.com.br\/?s={search_term_string}"},"query-input":"required name=search_term_string"}],"inLanguage":"tr"}]}},"_links":{"self":[{"href":"https:\/\/vagascentral.com.br\/tr\/wp-json\/wp\/v2\/pages\/29"}],"collection":[{"href":"https:\/\/vagascentral.com.br\/tr\/wp-json\/wp\/v2\/pages"}],"about":[{"href":"https:\/\/vagascentral.com.br\/tr\/wp-json\/wp\/v2\/types\/page"}],"author":[{"embeddable":true,"href":"https:\/\/vagascentral.com.br\/tr\/wp-json\/wp\/v2\/users\/20"}],"replies":[{"embeddable":true,"href":"https:\/\/vagascentral.com.br\/tr\/wp-json\/wp\/v2\/comments?post=29"}],"version-history":[{"count":3,"href":"https:\/\/vagascentral.com.br\/tr\/wp-json\/wp\/v2\/pages\/29\/revisions"}],"predecessor-version":[{"id":1193,"href":"https:\/\/vagascentral.com.br\/tr\/wp-json\/wp\/v2\/pages\/29\/revisions\/1193"}],"wp:attachment":[{"href":"https:\/\/vagascentral.com.br\/tr\/wp-json\/wp\/v2\/media?parent=29"}],"curies":[{"name":"wp","href":"https:\/\/api.w.org\/{rel}","templated":true}]}}